{"id":3785,"date":"2020-09-23T09:24:57","date_gmt":"2020-09-23T07:24:57","guid":{"rendered":"https:\/\/renove3.conecta6.com\/shop20\/?page_id=3785"},"modified":"2020-09-23T10:10:29","modified_gmt":"2020-09-23T08:10:29","slug":"galeria","status":"publish","type":"page","link":"https:\/\/previoconecta6.es\/shop20\/galeria\/","title":{"rendered":"Galer\u00eda"},"content":{"rendered":"<p>[et_pb_section fb_built=\u00bb1&#8243; _builder_version=\u00bb4.4.7&#8243; background_color=\u00bb#3a3b59&#8243; background_color_gradient_direction=\u00bb110deg\u00bb background_image=\u00bbhttps:\/\/previoconecta6.es\/shop20\/wp-content\/uploads\/2020\/05\/fashion-portrait-of-beautiful-woman-clear-natural-VSA9CUK-scaled-e1590948551437.jpg\u00bb background_blend=\u00bboverlay\u00bb custom_padding=\u00bb164px||5px|||\u00bb][et_pb_row column_structure=\u00bb1_2,1_2&#8243; custom_padding_last_edited=\u00bbon|tablet\u00bb _builder_version=\u00bb4.4.7&#8243; width=\u00bb87%\u00bb max_width=\u00bb1921px\u00bb module_alignment=\u00bbcenter\u00bb custom_margin=\u00bb43px|auto||auto||\u00bb custom_margin_tablet=\u00bb0px|auto||auto|false|false\u00bb custom_margin_phone=\u00bb\u00bb custom_margin_last_edited=\u00bbon|desktop\u00bb custom_padding=\u00bb139px|50px|139px|50px|true|true\u00bb custom_padding_tablet=\u00bb20px|20px|20px|20px|true|true\u00bb custom_padding_phone=\u00bb\u00bb][et_pb_column type=\u00bb1_2&#8243; _builder_version=\u00bb4.4.7&#8243;][et_pb_text _builder_version=\u00bb4.4.7&#8243; text_font=\u00bbPoppins|300|||||||\u00bb text_font_size=\u00bb14px\u00bb header_font=\u00bbCardo||||||||\u00bb header_text_color=\u00bb#ffffff\u00bb header_font_size=\u00bb64px\u00bb custom_margin=\u00bb-66px||8px|||\u00bb custom_padding=\u00bb||0px|||\u00bb filter_opacity=\u00bb95%\u00bb animation_style=\u00bbslide\u00bb animation_direction=\u00bbtop\u00bb animation_duration=\u00bb2000ms\u00bb animation_intensity_slide=\u00bb15%\u00bb header_font_size_tablet=\u00bb40px\u00bb header_font_size_phone=\u00bb\u00bb header_font_size_last_edited=\u00bbon|tablet\u00bb]<\/p>\n<h1 style=\"text-align: center;\">Galer\u00eda Conecta 6<\/h1>\n<p>[\/et_pb_text][et_pb_text _builder_version=\u00bb4.4.7&#8243; text_font=\u00bbPoppins|300||on|||||\u00bb text_text_color=\u00bb#eaeaea\u00bb text_font_size=\u00bb14px\u00bb text_letter_spacing=\u00bb2px\u00bb custom_margin=\u00bb-2px|||||\u00bb animation_style=\u00bbslide\u00bb animation_duration=\u00bb2000ms\u00bb animation_intensity_slide=\u00bb15%\u00bb]<\/p>\n<p style=\"text-align: center;\">www.tudominio.aqui<\/p>\n<p>[\/et_pb_text][\/et_pb_column][et_pb_column type=\u00bb1_2&#8243; _builder_version=\u00bb4.4.7&#8243;][\/et_pb_column][\/et_pb_row][\/et_pb_section][et_pb_section fb_built=\u00bb1&#8243; _builder_version=\u00bb4.4.7&#8243; background_color=\u00bbrgba(255,255,255,0.81)\u00bb use_background_color_gradient=\u00bbon\u00bb background_color_gradient_start=\u00bb#4b3f60&#8243; background_color_gradient_end=\u00bb#ffffff\u00bb background_color_gradient_direction=\u00bb-337deg\u00bb background_color_gradient_start_position=\u00bb31%\u00bb background_color_gradient_end_position=\u00bb31%\u00bb background_image=\u00bbhttps:\/\/previoconecta6.es\/shop20\/wp-content\/uploads\/2020\/09\/fondo-tr.png\u00bb parallax=\u00bbon\u00bb parallax_method=\u00bboff\u00bb custom_padding=\u00bb50px||100px|||\u00bb][et_pb_row _builder_version=\u00bb4.4.7&#8243; custom_padding=\u00bb||24px|||\u00bb][et_pb_column type=\u00bb4_4&#8243; _builder_version=\u00bb4.4.7&#8243;][et_pb_text _builder_version=\u00bb4.4.7&#8243; text_font=\u00bbPoppins||||||||\u00bb text_text_color=\u00bb#ff9933&#8243; text_font_size=\u00bb14px\u00bb text_letter_spacing=\u00bb1px\u00bb header_3_font=\u00bb|300|||||||\u00bb header_3_text_color=\u00bb#353653&#8243; header_3_font_size=\u00bb36px\u00bb header_3_line_height=\u00bb1.6em\u00bb header_5_font=\u00bbCardo||||||||\u00bb header_5_text_color=\u00bb#767676&#8243; header_5_font_size=\u00bb18px\u00bb hover_enabled=\u00bb0&#8243;]<\/p>\n<p style=\"text-align: center;\">NO TE PIERDAS<\/p>\n<h3 style=\"text-align: center;\">Galer\u00eda de Trabajos<\/h3>\n<h5 style=\"text-align: center;\"><a href=\"https:\/\/www.instagram.com\/?hl=es\" target=\"_blank\" rel=\"noopener noreferrer\" style=\"font-size: 16px;\"><img loading=\"lazy\" decoding=\"async\" src=\"https:\/\/previoconecta6.es\/shop20\/wp-content\/uploads\/2020\/09\/InsignificonSG32-Instagram.png\" width=\"32\" height=\"32\" alt=\"\" class=\"wp-image-3807 alignnone size-full\" \/><\/a><\/h5>\n<h5 style=\"text-align: center;\">S\u00edguenos tambi\u00e9n en Instagram<\/h5>\n<p>[\/et_pb_text][\/et_pb_column][\/et_pb_row][et_pb_row use_custom_gutter=\u00bbon\u00bb make_equal=\u00bbon\u00bb _builder_version=\u00bb4.4.7&#8243; max_width=\u00bb1225px\u00bb module_alignment=\u00bbcenter\u00bb custom_margin=\u00bb|auto||auto|false|false\u00bb custom_margin_tablet=\u00bb0px||||false|false\u00bb custom_margin_phone=\u00bb\u00bb custom_margin_last_edited=\u00bbon|desktop\u00bb custom_padding=\u00bb||||false|false\u00bb animation_style=\u00bbfade\u00bb border_color_all=\u00bbrgba(0,0,0,0.12)\u00bb][et_pb_column type=\u00bb4_4&#8243; _builder_version=\u00bb4.4.7&#8243;][et_pb_gallery gallery_ids=\u00bb3169,3094,3093,3092,3091,3090,3021,2860,2859,3178,3176,2856,2855,2854&#8243; posts_number=\u00bb12&#8243; show_title_and_caption=\u00bboff\u00bb hover_overlay_color=\u00bbrgba(0,0,0,0)\u00bb hover_icon=\u00bb%%43%%\u00bb _builder_version=\u00bb4.4.7&#8243; pagination_text_color=\u00bb#000000&#8243; transform_translate_linked__hover=\u00bboff\u00bb width=\u00bb100%\u00bb child_filter_saturate=\u00bb12%\u00bb child_filter_brightness=\u00bb103%\u00bb scroll_horizontal_motion=\u00bb0|31|50|100|18|0|-4&#8243; motion_trigger_start=\u00bbbottom\u00bb border_color_all=\u00bbrgba(0,0,0,0)\u00bb border_width_all_image=\u00bb28px\u00bb border_color_all_image=\u00bbrgba(0,0,0,0)\u00bb border_style_all_image=\u00bbdouble\u00bb box_shadow_style_image=\u00bbpreset5&#8243; box_shadow_color_image=\u00bbrgba(0,0,0,0.11)\u00bb child_filter_sepia__hover_enabled=\u00bbon|hover\u00bb child_filter_saturate__hover_enabled=\u00bbon|desktop\u00bb child_filter_opacity__hover_enabled=\u00bbon|hover\u00bb child_filter_opacity__hover=\u00bb100%\u00bb child_filter_hue_rotate__hover_enabled=\u00bbon|hover\u00bb child_filter_saturate__hover=\u00bb100%\u00bb child_filter_brightness__hover_enabled=\u00bbon|desktop\u00bb border_width_all_image__hover_enabled=\u00bbon|hover\u00bb border_width_all_image__hover=\u00bb0px\u00bb transform_styles__hover_enabled=\u00bbon|hover\u00bb transform_scale__hover_enabled=\u00bbon|hover\u00bb transform_translate__hover_enabled=\u00bbon|hover\u00bb transform_rotate__hover_enabled=\u00bbon|hover\u00bb transform_skew__hover_enabled=\u00bbon|hover\u00bb transform_origin__hover_enabled=\u00bbon|hover\u00bb border_width_all__hover_enabled=\u00bbon|desktop\u00bb border_width_all__hover=\u00bb0px\u00bb][\/et_pb_gallery][\/et_pb_column][\/et_pb_row][\/et_pb_section][et_pb_section fb_built=\u00bb1&#8243; _builder_version=\u00bb4.4.7&#8243; background_color=\u00bb#3a3b59&#8243; min_height=\u00bb321px\u00bb custom_margin=\u00bb0px||||false|false\u00bb custom_padding=\u00bb14px||4px||false|false\u00bb top_divider_height=\u00bb0px\u00bb top_divider_flip=\u00bbhorizontal\u00bb top_divider_flip_tablet=\u00bb\u00bb top_divider_flip_phone=\u00bb\u00bb top_divider_flip_last_edited=\u00bbon|desktop\u00bb][et_pb_row column_structure=\u00bb1_4,1_4,1_4,1_4&#8243; use_custom_gutter=\u00bbon\u00bb _builder_version=\u00bb4.4.7&#8243; width=\u00bb100%\u00bb max_width=\u00bb1578px\u00bb module_alignment=\u00bbcenter\u00bb custom_margin=\u00bb64px|auto|0px|auto||\u00bb custom_padding=\u00bb||40px|||\u00bb][et_pb_column type=\u00bb1_4&#8243; _builder_version=\u00bb4.4.7&#8243;][et_pb_blurb title=\u00bbENV\u00cdO GRATUITO\u00bb image=\u00bbhttps:\/\/previoconecta6.es\/shop20\/wp-content\/uploads\/2020\/05\/ic1.png\u00bb _builder_version=\u00bb4.4.7&#8243; text_orientation=\u00bbcenter\u00bb background_layout=\u00bbdark\u00bb animation_style=\u00bbslide\u00bb animation_duration=\u00bb1500ms\u00bb animation_intensity_slide=\u00bb15%\u00bb]<\/p>\n<p><span>En pedidos superiores a 30\u20ac<\/span><\/p>\n<p>[\/et_pb_blurb][\/et_pb_column][et_pb_column type=\u00bb1_4&#8243; _builder_version=\u00bb4.4.7&#8243;][et_pb_blurb title=\u00bbGARANT\u00cdA\u00bb image=\u00bbhttps:\/\/previoconecta6.es\/shop20\/wp-content\/uploads\/2020\/05\/brand-bag.png\u00bb _builder_version=\u00bb4.4.7&#8243; text_orientation=\u00bbcenter\u00bb background_layout=\u00bbdark\u00bb animation_style=\u00bbslide\u00bb animation_duration=\u00bb1500ms\u00bb animation_intensity_slide=\u00bb15%\u00bb]<\/p>\n<p><span>30 d\u00edas para devoluciones<\/span><\/p>\n<p>[\/et_pb_blurb][\/et_pb_column][et_pb_column type=\u00bb1_4&#8243; _builder_version=\u00bb4.4.7&#8243;][et_pb_blurb title=\u00bbFORMA DE PAGO\u00bb image=\u00bbhttps:\/\/previoconecta6.es\/shop20\/wp-content\/uploads\/2020\/05\/card-payment.png\u00bb _builder_version=\u00bb4.4.7&#8243; text_orientation=\u00bbcenter\u00bb background_layout=\u00bbdark\u00bb animation_style=\u00bbslide\u00bb animation_duration=\u00bb1500ms\u00bb animation_intensity_slide=\u00bb15%\u00bb]<\/p>\n<p>Tarjeta y Paypal\u00a0<\/p>\n<p>[\/et_pb_blurb][\/et_pb_column][et_pb_column type=\u00bb1_4&#8243; _builder_version=\u00bb4.4.7&#8243;][et_pb_blurb title=\u00bbCONTACTO\u00bb image=\u00bbhttps:\/\/previoconecta6.es\/shop20\/wp-content\/uploads\/2020\/05\/chat.png\u00bb _builder_version=\u00bb4.4.7&#8243; text_orientation=\u00bbcenter\u00bb background_layout=\u00bbdark\u00bb animation_style=\u00bbslide\u00bb animation_duration=\u00bb1500ms\u00bb animation_intensity_slide=\u00bb15%\u00bb]<\/p>\n<p><span>V\u00eda tel\u00e9fono, email o chat<\/span><\/p>\n<p>[\/et_pb_blurb][\/et_pb_column][\/et_pb_row][\/et_pb_section]<\/p>\n","protected":false},"excerpt":{"rendered":"<p>Galer\u00eda Conecta 6www.tudominio.aquiNO TE PIERDAS Galer\u00eda de Trabajos S\u00edguenos tambi\u00e9n en Instagram En pedidos superiores a 30\u20ac30 d\u00edas para devolucionesTarjeta y Paypal\u00a0V\u00eda tel\u00e9fono, email o chat<\/p>\n","protected":false},"author":2,"featured_media":0,"parent":0,"menu_order":0,"comment_status":"closed","ping_status":"closed","template":"","meta":{"_et_pb_use_builder":"on","_et_pb_old_content":"","_et_gb_content_width":"","footnotes":""},"class_list":["post-3785","page","type-page","status-publish","hentry"],"_links":{"self":[{"href":"https:\/\/previoconecta6.es\/shop20\/wp-json\/wp\/v2\/pages\/3785","targetHints":{"allow":["GET"]}}],"collection":[{"href":"https:\/\/previoconecta6.es\/shop20\/wp-json\/wp\/v2\/pages"}],"about":[{"href":"https:\/\/previoconecta6.es\/shop20\/wp-json\/wp\/v2\/types\/page"}],"author":[{"embeddable":true,"href":"https:\/\/previoconecta6.es\/shop20\/wp-json\/wp\/v2\/users\/2"}],"replies":[{"embeddable":true,"href":"https:\/\/previoconecta6.es\/shop20\/wp-json\/wp\/v2\/comments?post=3785"}],"version-history":[{"count":11,"href":"https:\/\/previoconecta6.es\/shop20\/wp-json\/wp\/v2\/pages\/3785\/revisions"}],"predecessor-version":[{"id":3821,"href":"https:\/\/previoconecta6.es\/shop20\/wp-json\/wp\/v2\/pages\/3785\/revisions\/3821"}],"wp:attachment":[{"href":"https:\/\/previoconecta6.es\/shop20\/wp-json\/wp\/v2\/media?parent=3785"}],"curies":[{"name":"wp","href":"https:\/\/api.w.org\/{rel}","templated":true}]}}