{"id":1029,"date":"2024-09-02T05:34:59","date_gmt":"2024-09-02T05:34:59","guid":{"rendered":"https:\/\/previoconecta6.es\/nuevaweb\/?page_id=1029"},"modified":"2025-04-28T14:02:53","modified_gmt":"2025-04-28T12:02:53","slug":"politica-de-privacidad","status":"publish","type":"page","link":"https:\/\/previoconecta6.es\/casaruraldaroca\/politica-de-privacidad\/","title":{"rendered":"Pol\u00edtica de Privacidad"},"content":{"rendered":"<p>[et_pb_section fb_built=\u00bb1&#8243; admin_label=\u00bbsection\u00bb _builder_version=\u00bb4.16&#8243; global_colors_info=\u00bb{}\u00bb][et_pb_row admin_label=\u00bbrow\u00bb _builder_version=\u00bb4.16&#8243; background_size=\u00bbinitial\u00bb background_position=\u00bbtop_left\u00bb background_repeat=\u00bbrepeat\u00bb global_colors_info=\u00bb{}\u00bb][et_pb_column type=\u00bb4_4&#8243; _builder_version=\u00bb4.16&#8243; custom_padding=\u00bb|||\u00bb global_colors_info=\u00bb{}\u00bb custom_padding__hover=\u00bb|||\u00bb][et_pb_text admin_label=\u00bbText\u00bb _builder_version=\u00bb4.27.0&#8243; text_font_size=\u00bb0.9vw\u00bb text_line_height=\u00bb1.8em\u00bb background_size=\u00bbinitial\u00bb background_position=\u00bbtop_left\u00bb background_repeat=\u00bbrepeat\u00bb text_font_size_tablet=\u00bb2vw\u00bb text_font_size_phone=\u00bb3.7vw\u00bb text_font_size_last_edited=\u00bbon|phone\u00bb global_colors_info=\u00bb{}\u00bb]<\/p>\n<h1>Pol\u00edcita de Privacidad<\/h1>\n<p>&nbsp;<\/p>\n<p>Siguiendo los principios de licitud, lealtad y transparencia, ponemos a su disposici\u00f3n la presente Pol\u00edtica de Privacidad.<\/p>\n<p><strong>\u00bfQUI\u00c9N ES EL RESPONSABLE DEL TRATAMIENTO DE SUS DATOS DE CAR\u00c1CTER PERSONAL?<\/strong><\/p>\n<ul>\n<li>La empresa titular del sitio Web: CASA RURAL DAROCA<\/li>\n<li>Nombre comercial: Casa Rural Daroca<\/li>\n<li>Responsable del tratamiento: Manuel L\u00f3pez Carbon\u00e9<\/li>\n<li>Direcci\u00f3n: C\/ La Muralla, 6 - 16500 Huete (Cuenca) Espa\u00f1a.<\/li>\n<li>CIF\/NIF n\u00ba: <\/li>\n<li>Tel\u00e9fono: +34654366899<\/li>\n<li>Email: info@casaruraldaroca.com<\/li>\n<\/ul>\n<p>&nbsp;<\/p>\n<p><strong>\u00bfCON QU\u00c9 FINALIDAD TRATAMOS SUS DATOS?<\/strong><\/p>\n<p>A trav\u00e9s de la presente web, \u00fanicamente tratamos los datos de car\u00e1cter personal que nos facilita, exclusivamente con la finalidad de remitirle la informaci\u00f3n solicitada y\/o resolver las dudas o cuestiones que nos plantea; y, si as\u00ed lo ha consentido expresamente, para enviarle comunicaciones electr\u00f3nicas relativas a nuestras actividades o servicios.<\/p>\n<p>A tal efecto, y para cumplir con estas finalidades, es importante que nos informe de cualquier modificaci\u00f3n que se produzca en sus datos personales a fin de mantenerlos actualizados. En caso contrario, no respondemos de la veracidad de los mismos.<\/p>\n<p>&nbsp;<\/p>\n<p><strong>\u00bfPOR CU\u00c1NTO TIEMPO LOS CONSERVAREMOS?<\/strong><\/p>\n<p>Sus datos, ser\u00e1n conservados el tiempo m\u00ednimo necesario para satisfacer la finalidad para la cual los facilit\u00f3, as\u00ed como para atender las responsabilidades que se pudieran derivar de los datos suministrados y de cualquier otra exigencia legal.<\/p>\n<p>Al respecto, consideramos que, si no se opone al tratamiento de sus datos y\/o no los cancela expresamente, contin\u00faa interesado en seguir incorporado a nuestros tratamientos hasta que la empresa lo considere oportuno y mientras sea adecuado a la finalidad para la que se obtuvieron.<\/p>\n<p>&nbsp;<\/p>\n<p><strong>\u00bfCU\u00c1L ES LA LEGITIMACI\u00d3N PARA EL TRATAMIENTO DE SUS DATOS?<\/strong><\/p>\n<p>La base legal para el tratamiento de sus datos personales es el consentimiento que presta al aceptar esta Pol\u00edtica de Privacidad antes de enviarnos\/ facilitarnos sus datos.<br \/>Los datos que le solicitamos son adecuados, pertinentes y estrictamente necesarios y en ning\u00fan caso est\u00e1 obligado a facilit\u00e1rnoslos, pero su no comunicaci\u00f3n podr\u00e1 afectar a la finalidad del servicio o la imposibilidad de prestarlo.<\/p>\n<p>&nbsp;<\/p>\n<p><strong>\u00bfA QU\u00c9 DESTINATARIOS COMUNICAREMOS SUS DATOS?<\/strong><\/p>\n<p>La empresa no comunicar\u00e1 sus datos a ning\u00fan tercero, salvo que se le informe de ello expresamente o exista obligaci\u00f3n legal.<\/p>\n<p>&nbsp;<\/p>\n<p><strong>\u00bfCU\u00c1LES SON SUS DERECHOS CUANDO NOS LOS FACILITA?<\/strong><\/p>\n<p>Los derechos de protecci\u00f3n de datos de los que dispone como titular o interesado son:<\/p>\n<ul>\n<li>Derecho a solicitar el acceso a los datos personales relativos al interesado.<\/li>\n<li>Derecho de rectificaci\u00f3n.<\/li>\n<li>Derecho de supresi\u00f3n.<\/li>\n<li>Derecho de oposici\u00f3n.<\/li>\n<li>Derecho a solicitar la limitaci\u00f3n de su tratamiento.<\/li>\n<li>Derecho a la portabilidad de los datos.<\/li>\n<\/ul>\n<p>Podr\u00e1 ejercer sus derechos de protecci\u00f3n de datos personales dirigiendo una comunicaci\u00f3n por escrito al domicilio social de la empresa o al correo electr\u00f3nico habilitado a tal efecto, info@casaruraldaroca.com<strong>,<\/strong> incluyendo en ambos casos fotocopia de su DNI u otro documento de identificaci\u00f3n equivalente.<\/p>\n<p>Modelos, formularios y m\u00e1s informaci\u00f3n disponible sobre sus derechos en la p\u00e1gina web de la autoridad de control nacional, Agencia Espa\u00f1ola de Protecci\u00f3n de Datos, en adelante, AEPD, <a href=\"http:\/\/www.agpd.es\">www.agpd.es<\/a><\/p>\n<p>&nbsp;<\/p>\n<p><strong>\u00bfPUEDE RETIRAR SU CONSENTIMIENTO?<\/strong><\/p>\n<p>Usted tiene la posibilidad y el derecho a retirar el consentimiento para cualquiera finalidad espec\u00edfica otorgada en su momento, sin que ello afecte a la licitud del tratamiento basado en el consentimiento previo a su retirada.<\/p>\n<p>&nbsp;<\/p>\n<p><strong>\u00bfD\u00d3NDE PUEDE RECLAMAR EN CASO DE CONSIDERAR QUE SUS DATOS NO SON TRATADOS ADECUADAMENTE?<\/strong><\/p>\n<p>Si considera que sus datos no son tratados correctamente por la empresa puede dirigir sus reclamaciones al correo info@casaruraldaroca.com\u00a0o a la autoridad de protecci\u00f3n de datos que corresponda, siendo la AEPD la indicada en el territorio nacional, <a href=\"http:\/\/www.agpd.es\">www.agpd.es<\/a><\/p>\n<p>&nbsp;<\/p>\n<p><strong>\u00bfQU\u00c9 HACEMOS PARA GARANTIZAR LA SEGURIDAD Y CONFIDENCIALIDAD DE SUS DATOS?<\/strong><\/p>\n<p>Con el objetivo de salvaguardar la seguridad de sus datos personales, le informamos que la empresa ha adoptado todas las medidas de \u00edndole t\u00e9cnica y organizativa necesarias para garantizar la seguridad de los datos personales suministrados. Todo ello para evitar su alteraci\u00f3n, p\u00e9rdida, y\/o tratamientos o accesos no autorizados, tal como exige la normativa, si bien la seguridad absoluta no existe.<\/p>\n<p>Igualmente, la empresa le informa que todo nuestro personal, cualquiera que sea la fase del tratamiento en la que intervenga, ha adoptado el compromiso de tratar sus datos con el m\u00e1ximo celo y confidencialidad. Le recordamos que ni la empresa, ni cualquiera de sus empleados, ceder\u00e1 o comunicar\u00e1 sus datos a terceros, excepto en los casos legalmente previstos, o salvo que usted lo autorice expresamente.<\/p>\n<p>La empresa puede alterar la presente pol\u00edtica de privacidad para adaptarla a las modificaciones que se produzcan en la p\u00e1gina web, as\u00ed como por los cambios legislativos sobre datos personales que vayan apareciendo y afecten a dicha pol\u00edtica. Por ello, se exige su lectura, cada vez que nos facilite sus datos a trav\u00e9s de esta p\u00e1gina web.<\/p>\n<p>[\/et_pb_text][\/et_pb_column][\/et_pb_row][\/et_pb_section]<\/p>\n","protected":false},"excerpt":{"rendered":"<p>Pol\u00edcita de Privacidad &nbsp; Siguiendo los principios de licitud, lealtad y transparencia, ponemos a su disposici\u00f3n la presente Pol\u00edtica de Privacidad. \u00bfQUI\u00c9N ES EL RESPONSABLE DEL TRATAMIENTO DE SUS DATOS DE CAR\u00c1CTER PERSONAL? La empresa titular del sitio Web: CASA RURAL DAROCA Nombre comercial: Casa Rural Daroca Responsable del tratamiento: Manuel L\u00f3pez Carbon\u00e9 Direcci\u00f3n: C\/ La Muralla, 6 - 16500 Huete (Cuenca) Espa\u00f1a. CIF\/NIF n\u00ba: [&hellip;]<\/p>\n","protected":false},"author":3,"featured_media":0,"parent":0,"menu_order":0,"comment_status":"closed","ping_status":"closed","template":"","meta":{"_et_pb_use_builder":"on","_et_pb_old_content":"","_et_gb_content_width":"","footnotes":""},"class_list":["post-1029","page","type-page","status-publish","hentry"],"_links":{"self":[{"href":"https:\/\/previoconecta6.es\/casaruraldaroca\/wp-json\/wp\/v2\/pages\/1029","targetHints":{"allow":["GET"]}}],"collection":[{"href":"https:\/\/previoconecta6.es\/casaruraldaroca\/wp-json\/wp\/v2\/pages"}],"about":[{"href":"https:\/\/previoconecta6.es\/casaruraldaroca\/wp-json\/wp\/v2\/types\/page"}],"author":[{"embeddable":true,"href":"https:\/\/previoconecta6.es\/casaruraldaroca\/wp-json\/wp\/v2\/users\/3"}],"replies":[{"embeddable":true,"href":"https:\/\/previoconecta6.es\/casaruraldaroca\/wp-json\/wp\/v2\/comments?post=1029"}],"version-history":[{"count":12,"href":"https:\/\/previoconecta6.es\/casaruraldaroca\/wp-json\/wp\/v2\/pages\/1029\/revisions"}],"predecessor-version":[{"id":1536,"href":"https:\/\/previoconecta6.es\/casaruraldaroca\/wp-json\/wp\/v2\/pages\/1029\/revisions\/1536"}],"wp:attachment":[{"href":"https:\/\/previoconecta6.es\/casaruraldaroca\/wp-json\/wp\/v2\/media?parent=1029"}],"curies":[{"name":"wp","href":"https:\/\/api.w.org\/{rel}","templated":true}]}}