{"id":1026,"date":"2024-09-02T05:19:09","date_gmt":"2024-09-02T05:19:09","guid":{"rendered":"https:\/\/previoconecta6.es\/nuevaweb\/?page_id=1026"},"modified":"2025-04-28T14:02:50","modified_gmt":"2025-04-28T12:02:50","slug":"aviso-legal","status":"publish","type":"page","link":"https:\/\/previoconecta6.es\/casaruraldaroca\/aviso-legal\/","title":{"rendered":"Aviso Legal"},"content":{"rendered":"<p>[et_pb_section fb_built=\u00bb1&#8243; admin_label=\u00bbsection\u00bb _builder_version=\u00bb4.16&#8243; global_colors_info=\u00bb{}\u00bb][et_pb_row admin_label=\u00bbrow\u00bb _builder_version=\u00bb4.16&#8243; background_size=\u00bbinitial\u00bb background_position=\u00bbtop_left\u00bb background_repeat=\u00bbrepeat\u00bb global_colors_info=\u00bb{}\u00bb][et_pb_column type=\u00bb4_4&#8243; _builder_version=\u00bb4.16&#8243; custom_padding=\u00bb|||\u00bb global_colors_info=\u00bb{}\u00bb custom_padding__hover=\u00bb|||\u00bb][et_pb_text admin_label=\u00bbText\u00bb _builder_version=\u00bb4.27.0&#8243; text_font_size=\u00bb0.9vw\u00bb text_line_height=\u00bb1.8em\u00bb background_size=\u00bbinitial\u00bb background_position=\u00bbtop_left\u00bb background_repeat=\u00bbrepeat\u00bb text_font_size_tablet=\u00bb2vw\u00bb text_font_size_phone=\u00bb3.7vw\u00bb text_font_size_last_edited=\u00bbon|tablet\u00bb global_colors_info=\u00bb{}\u00bb]<\/p>\n<h1>AVISO LEGAL<\/h1>\n<p>&nbsp;<\/p>\n<p><strong>DATOS IDENTIFICATIVOS<\/strong><\/p>\n<p>En cumplimiento con el deber de informaci\u00f3n recogido en el art\u00edculo 10 de la Ley 34\/2002, de 11 de julio, de Servicios de la Sociedad de la Informaci\u00f3n y del Comercio Electr\u00f3nico, a continuaci\u00f3n, se reflejan los siguientes datos:<\/p>\n<ul>\n<li>La empresa titular del sitio Web: CASA RURAL DAROCA<\/li>\n<li>Nombre comercial: Casa Rural Daroca<\/li>\n<li>Responsable del tratamiento: Manuel L\u00f3pez Carbon\u00e9<\/li>\n<li>Direcci\u00f3n: C\/ La Muralla, 6 - 16500 Huete (Cuenca) Espa\u00f1a.<\/li>\n<li>CIF\/NIF n\u00ba: <\/li>\n<li>Tel\u00e9fono: +34654366899<\/li>\n<li>Email: info@casaruraldaroca.com<\/li>\n<\/ul>\n<p>&nbsp;<\/p>\n<p><strong>1. NORMAS APLICABLES<\/strong><\/p>\n<p>El presente Aviso Legal est\u00e1 sujeto a lo dispuesto en la Ley Org\u00e1nica 15\/1999, de 13 de diciembre, de Protecci\u00f3n de Datos de Car\u00e1cter Personal, su Reglamento de Desarrollo, RD 1720\/07, Reglamento UE 2016\/679 del Parlamento Europeo y del Consejo de 27 de abril de 2016 relativo a la protecci\u00f3n de las personas f\u00edsicas en lo que respecta al tratamiento de datos personales y a la libre circulaci\u00f3n de estos datos y por el que se deroga la Directiva 95\/46\/CE (Reglamento general de protecci\u00f3n de datos), la Ley 34\/2002 de 11 de julio, de Servicios de la Sociedad de la Informaci\u00f3n y de Comercio Electr\u00f3nico, el Real Decreto-ley 13\/2012, de 30 de marzo, por el que se transponen directivas en materia de mercados interiores de electricidad y gas y en materia de comunicaciones electr\u00f3nicas, y por el que se adoptan medidas para la correcci\u00f3n de las desviaciones por desajustes entre los costes e ingresos de los sectores el\u00e9ctrico y gasista, as\u00ed como cualquier normativa posterior que las modifican o desarrollan.<\/p>\n<p>&nbsp;<\/p>\n<p><strong>2. USUARIOS<\/strong><\/p>\n<p>El acceso y\/o uso de este sitio Web le atribuye la condici\u00f3n de Usuario, que acepta las Condiciones Generales de Uso aqu\u00ed reflejadas cualquier persona que no acepte estas condiciones deber\u00e1 abstenerse de utilizar el Sitio Web. \u00a0Las citadas Condiciones ser\u00e1n de aplicaci\u00f3n independientemente de las Condiciones Generales de Contrataci\u00f3n que en su caso resulten de obligado cumplimiento.<\/p>\n<p>&nbsp;<\/p>\n<p><strong>3. USO DEL SITIO WEB<\/strong><\/p>\n<p>El acceso y uso del sitio Web y todos los subdominios y directorios incluidos bajo la misma, as\u00ed como los servicios o contenidos que a trav\u00e9s de \u00e9l se puedan obtener bajo su titularidad, est\u00e1n sujetos a los t\u00e9rminos que se detallan en este Aviso Legal, sin perjuicio de que el acceso a alguno de dichos servicios o contenidos pudieran precisar de la aceptaci\u00f3n de unas Condiciones Generales particulares adicionales.<\/p>\n<p>Por ello, si las consideraciones detalladas en este Aviso Legal no son de su conformidad, rogamos no haga uso del Sitio Web, ya que cualquier uso que haga del mismo o de los servicios y contenidos en \u00e9l incluidos implicar\u00e1 la aceptaci\u00f3n de los t\u00e9rminos legales recogidos en este texto.<\/p>\n<p>&nbsp;<\/p>\n<p><strong>4. DERECHOS DE PROPIEDAD INTELECTUAL E INDUSTRIAL<\/strong><\/p>\n<p>Tanto el dise\u00f1o de sitio Web de su titularidad y sus c\u00f3digos fuente, como los logos, marcas, y dem\u00e1s signos distintivos que aparecen en el mismo, pertenecen a la empresa o entidades colaboradoras y est\u00e1n protegidos por los correspondientes derechos de propiedad intelectual e industrial.<\/p>\n<p>Igualmente est\u00e1n protegidos por los correspondientes derechos de propiedad intelectual e industrial las im\u00e1genes y dem\u00e1s contenidos incluidos en el servidor.<\/p>\n<p>Su uso, reproducci\u00f3n, distribuci\u00f3n, comunicaci\u00f3n p\u00fablica, transformaci\u00f3n o cualquier otra actividad similar o an\u00e1loga, queda totalmente prohibida salvo que medie expresa autorizaci\u00f3n del titular.<\/p>\n<p>La licencia de uso de cualquier contenido de este Sitio Web otorgada al Usuario se limita a la descarga por parte del Usuario de dicho contenido y el uso privado del mismo, siempre que los citados contenidos permanezcan \u00edntegros.<\/p>\n<p>La empresa declara su respeto a los derechos de propiedad intelectual e industrial de terceros; por ello, si considera que este sitio pudiera estar violando sus derechos, rogamos se ponga en contacto.<\/p>\n<p>La empresa puede comercializar los productos con las Marcas Registradas y con los distintivos comerciales que sus proveedores indiquen. \u00c9stos son los propietarios de las marcas registradas, eximiendo a la empresa de cualquier responsabilidad sobre los derechos de propiedad intelectual, sin considerarse en ning\u00fan caso cesi\u00f3n de la propiedad.<\/p>\n<p>La empresa podr\u00e1 mostrar en el Sitio Web Marcas Registradas de terceros con los distintivos comerciales que sus proveedores indiquen. \u00c9stos son los propietarios leg\u00edtimos de las marcas.<\/p>\n<p>Aquellos Usuarios que env\u00eden al Sitio Web observaciones, opiniones o comentarios por medio del servicio de correo electr\u00f3nico o por cualquier otro medio, en los casos en los que por la naturaleza de los servicios ello sea posible, se entiende que autorizan a la empresa para la reproducci\u00f3n, distribuci\u00f3n, comunicaci\u00f3n p\u00fablica, transformaci\u00f3n, y el ejercicio de cualquier otro derecho de explotaci\u00f3n, de tales observaciones, opiniones o comentarios, por todo el tiempo de protecci\u00f3n de derecho de autor que est\u00e9 previsto legalmente y sin limitaci\u00f3n territorial. Asimismo, se entiende que esta autorizaci\u00f3n se hace a t\u00edtulo gratuito.<\/p>\n<p>&nbsp;<\/p>\n<p><strong>5. EXCLUSI\u00d3N DE GARANT\u00cdAS Y RESPONSABILIDAD<\/strong><\/p>\n<p>La empresa no se hace responsable, en ning\u00fan caso, de los da\u00f1os y perjuicios de cualquier naturaleza que pudieran ocasionar, a t\u00edtulo enunciativo, errores u omisiones en los contenidos, falta de disponibilidad del sitio Web o la transmisi\u00f3n de virus o programas maliciosos o lesivos en los contenidos, a pesar de haber adoptado todas las medidas tecnol\u00f3gicas necesarias para evitarlo.<\/p>\n<p>Los enlaces del Sitio Web que se puedan dirigir a Sitios Web de terceros, la empresa no asumir\u00e1 ninguna responsabilidad por el contenido, informaciones o servicios que pudieran aparecer en estos sitios.<\/p>\n<p>La empresa tampoco se hace responsable de las infracciones realizadas por Usuarios de web que afecten a terceros.<\/p>\n<p>[\/et_pb_text][\/et_pb_column][\/et_pb_row][\/et_pb_section]<\/p>\n","protected":false},"excerpt":{"rendered":"<p>AVISO LEGAL &nbsp; DATOS IDENTIFICATIVOS En cumplimiento con el deber de informaci\u00f3n recogido en el art\u00edculo 10 de la Ley 34\/2002, de 11 de julio, de Servicios de la Sociedad de la Informaci\u00f3n y del Comercio Electr\u00f3nico, a continuaci\u00f3n, se reflejan los siguientes datos: La empresa titular del sitio Web: CASA RURAL DAROCA Nombre comercial: <!-- Shortcode is missing \"name\" attribute --><\/p>\n","protected":false},"author":3,"featured_media":0,"parent":0,"menu_order":0,"comment_status":"closed","ping_status":"closed","template":"","meta":{"_et_pb_use_builder":"on","_et_pb_old_content":"","_et_gb_content_width":"","footnotes":""},"class_list":["post-1026","page","type-page","status-publish","hentry"],"_links":{"self":[{"href":"https:\/\/previoconecta6.es\/casaruraldaroca\/wp-json\/wp\/v2\/pages\/1026","targetHints":{"allow":["GET"]}}],"collection":[{"href":"https:\/\/previoconecta6.es\/casaruraldaroca\/wp-json\/wp\/v2\/pages"}],"about":[{"href":"https:\/\/previoconecta6.es\/casaruraldaroca\/wp-json\/wp\/v2\/types\/page"}],"author":[{"embeddable":true,"href":"https:\/\/previoconecta6.es\/casaruraldaroca\/wp-json\/wp\/v2\/users\/3"}],"replies":[{"embeddable":true,"href":"https:\/\/previoconecta6.es\/casaruraldaroca\/wp-json\/wp\/v2\/comments?post=1026"}],"version-history":[{"count":12,"href":"https:\/\/previoconecta6.es\/casaruraldaroca\/wp-json\/wp\/v2\/pages\/1026\/revisions"}],"predecessor-version":[{"id":1534,"href":"https:\/\/previoconecta6.es\/casaruraldaroca\/wp-json\/wp\/v2\/pages\/1026\/revisions\/1534"}],"wp:attachment":[{"href":"https:\/\/previoconecta6.es\/casaruraldaroca\/wp-json\/wp\/v2\/media?parent=1026"}],"curies":[{"name":"wp","href":"https:\/\/api.w.org\/{rel}","templated":true}]}}